{"id":6,"date":"2021-03-19T15:22:30","date_gmt":"2021-03-19T15:22:30","guid":{"rendered":"https:\/\/www.acquasostenibile.polimi.it\/?page_id=6"},"modified":"2021-11-17T15:08:14","modified_gmt":"2021-11-17T15:08:14","slug":"create-your-website-with-blocks","status":"publish","type":"page","link":"https:\/\/www.acquasostenibile.polimi.it\/","title":{"rendered":"ASAP! Acqua Sostenibile al Politecnico"},"content":{"rendered":"\n<h2 class=\"alignwide has-text-align-center has-text-align-wide has-extra-large-font-size wp-block-heading\" style=\"line-height:1.1\">Che cosa sai davvero sull&#8217;acqua?<\/h2>\n\n\n\n<p class=\"has-text-align-center has-large-font-size\">ASAP! \u00e8 il nuovo progetto di Politecnico di Milano* e di <a href=\"http:\/\/www.eliante.it\">Eliante<\/a> che risponder\u00e0 a tutte le tue domande e ti far\u00e0 scoprire l&#8217;acqua!<\/p>\n\n\n\n<figure class=\"wp-block-image alignfull size-large\"><img loading=\"lazy\" decoding=\"async\" width=\"1024\" height=\"576\" src=\"https:\/\/www.acquasostenibile.polimi.it\/wp-content\/uploads\/2021\/03\/ASAP-banner-1920x1080-2-1024x576.jpg\" alt=\"\" class=\"wp-image-37\" srcset=\"https:\/\/www.acquasostenibile.polimi.it\/wp-content\/uploads\/2021\/03\/ASAP-banner-1920x1080-2-1024x576.jpg 1024w, https:\/\/www.acquasostenibile.polimi.it\/wp-content\/uploads\/2021\/03\/ASAP-banner-1920x1080-2-300x169.jpg 300w, https:\/\/www.acquasostenibile.polimi.it\/wp-content\/uploads\/2021\/03\/ASAP-banner-1920x1080-2-768x432.jpg 768w, https:\/\/www.acquasostenibile.polimi.it\/wp-content\/uploads\/2021\/03\/ASAP-banner-1920x1080-2-1536x864.jpg 1536w, https:\/\/www.acquasostenibile.polimi.it\/wp-content\/uploads\/2021\/03\/ASAP-banner-1920x1080-2-1568x882.jpg 1568w, https:\/\/www.acquasostenibile.polimi.it\/wp-content\/uploads\/2021\/03\/ASAP-banner-1920x1080-2.jpg 1920w\" sizes=\"auto, (max-width: 1024px) 100vw, 1024px\" \/><\/figure>\n\n\n\n<p class=\"has-extra-small-font-size\">*DICA, DAStU, SSA, con il contributo di Fondazione Cariplo<\/p>\n\n\n\n<div class=\"wp-block-columns alignwide are-vertically-aligned-top is-layout-flex wp-container-core-columns-is-layout-9d6595d7 wp-block-columns-is-layout-flex\">\n<div class=\"wp-block-column is-vertically-aligned-top is-layout-flow wp-block-column-is-layout-flow\">\n<h3 class=\"wp-block-heading\">What&#8217;s new?!<\/h3>\n\n\n\n<p>I <strong>Workshop del Passion in Action ASAP! <\/strong>sono nel pieno dei lavori. Docenti e studenti lavorano insieme su come rendere pi\u00f9 sostenibile il consumo di acqua nel campus Leonardo, studiando le esperienze pi\u00f9 innovative gi\u00e0 condotte e provando a immaginare nuove soluzioni ed esperienze da riprodurre nei loro atenei.  Vuoi saperne di pi\u00f9? guarda il <a rel=\"noreferrer noopener\" href=\"https:\/\/youtu.be\/SXZu4zGxiMY\" target=\"_blank\">video<\/a> del primo incontro e resta connesso ai <a rel=\"noreferrer noopener\" href=\"https:\/\/www.instagram.com\/eliante_milano\/\" target=\"_blank\">social<\/a> per seguire i lavori! <\/p>\n\n\n\n<figure class=\"wp-block-image size-large\"><img loading=\"lazy\" decoding=\"async\" width=\"1024\" height=\"1024\" src=\"https:\/\/www.acquasostenibile.polimi.it\/wp-content\/uploads\/2021\/11\/asap-gallery2-post1-1024x1024.jpg\" alt=\"\" class=\"wp-image-125\" srcset=\"https:\/\/www.acquasostenibile.polimi.it\/wp-content\/uploads\/2021\/11\/asap-gallery2-post1-1024x1024.jpg 1024w, https:\/\/www.acquasostenibile.polimi.it\/wp-content\/uploads\/2021\/11\/asap-gallery2-post1-300x300.jpg 300w, https:\/\/www.acquasostenibile.polimi.it\/wp-content\/uploads\/2021\/11\/asap-gallery2-post1-150x150.jpg 150w, https:\/\/www.acquasostenibile.polimi.it\/wp-content\/uploads\/2021\/11\/asap-gallery2-post1-768x768.jpg 768w, https:\/\/www.acquasostenibile.polimi.it\/wp-content\/uploads\/2021\/11\/asap-gallery2-post1.jpg 1080w\" sizes=\"auto, (max-width: 1024px) 100vw, 1024px\" \/><\/figure>\n\n\n\n<p><sub><em>il video \u00e8 stato realizzato da Christian Buurstee, ASAP! 2021<\/em><\/sub><\/p>\n<\/div>\n\n\n\n<div class=\"wp-block-column is-vertically-aligned-top is-layout-flow wp-block-column-is-layout-flow\">\n<h3 class=\"wp-block-heading\">Vuoi approfondire?<\/h3>\n\n\n\n<p>Da dove viene l&#8217;acqua che beviamo? L&#8217;acqua delle fontanelle \u00e8 buona? quanto mi costa l&#8217;acqua in un anno? ASAP! nasce dal desiderio di fare chiarezza e aiutarci ad orientarci meglio nella scelta del bene pi\u00f9 prezioso che abbiamo: l&#8217;acqua. Seguici, se pensi che un Campus pi\u00f9 sostenibile sia possibile!<\/p>\n\n\n\n<figure class=\"wp-block-image size-large\"><img loading=\"lazy\" decoding=\"async\" width=\"1024\" height=\"1024\" src=\"https:\/\/www.acquasostenibile.polimi.it\/wp-content\/uploads\/2021\/11\/asap-settembre-POST2-A-1024x1024.jpg\" alt=\"\" class=\"wp-image-132\" srcset=\"https:\/\/www.acquasostenibile.polimi.it\/wp-content\/uploads\/2021\/11\/asap-settembre-POST2-A-1024x1024.jpg 1024w, https:\/\/www.acquasostenibile.polimi.it\/wp-content\/uploads\/2021\/11\/asap-settembre-POST2-A-300x300.jpg 300w, https:\/\/www.acquasostenibile.polimi.it\/wp-content\/uploads\/2021\/11\/asap-settembre-POST2-A-150x150.jpg 150w, https:\/\/www.acquasostenibile.polimi.it\/wp-content\/uploads\/2021\/11\/asap-settembre-POST2-A-768x768.jpg 768w, https:\/\/www.acquasostenibile.polimi.it\/wp-content\/uploads\/2021\/11\/asap-settembre-POST2-A.jpg 1080w\" sizes=\"auto, (max-width: 1024px) 100vw, 1024px\" \/><\/figure>\n<\/div>\n\n\n\n<div class=\"wp-block-column is-vertically-aligned-top is-layout-flow wp-block-column-is-layout-flow\">\n<h3 class=\"wp-block-heading\">Vuoi partecipare?<\/h3>\n\n\n\n<p>Non sei riuscito a iscriverti ai workshop ma vuoi rimanere informato e contribuire con le tue idee o esperienze? <\/p>\n\n\n\n<p>Segui i social di ateneo o di Eliante per avere notizie e lasciare il tuo contributo!<\/p>\n\n\n\n<p><a href=\"https:\/\/www.facebook.com\/POLIDICA\" target=\"_blank\" rel=\"noreferrer noopener\">DiCA<\/a>, <a href=\"https:\/\/www.facebook.com\/DastuPolitecnicoMilano\" target=\"_blank\" rel=\"noreferrer noopener\">DAStU<\/a>, <a href=\"https:\/\/www.facebook.com\/CittaStudiCampusSostenibile\" target=\"_blank\" rel=\"noreferrer noopener\">SSA<\/a>, <a href=\"https:\/\/www.facebook.com\/eliantemilano\" target=\"_blank\" rel=\"noreferrer noopener\">Eliante<\/a><\/p>\n\n\n\n<figure class=\"wp-block-image size-large\"><img loading=\"lazy\" decoding=\"async\" width=\"1024\" height=\"1024\" src=\"https:\/\/www.acquasostenibile.polimi.it\/wp-content\/uploads\/2021\/11\/asap-gallery2-post4-1024x1024.jpg\" alt=\"\" class=\"wp-image-131\" srcset=\"https:\/\/www.acquasostenibile.polimi.it\/wp-content\/uploads\/2021\/11\/asap-gallery2-post4-1024x1024.jpg 1024w, https:\/\/www.acquasostenibile.polimi.it\/wp-content\/uploads\/2021\/11\/asap-gallery2-post4-300x300.jpg 300w, https:\/\/www.acquasostenibile.polimi.it\/wp-content\/uploads\/2021\/11\/asap-gallery2-post4-150x150.jpg 150w, https:\/\/www.acquasostenibile.polimi.it\/wp-content\/uploads\/2021\/11\/asap-gallery2-post4-768x768.jpg 768w, https:\/\/www.acquasostenibile.polimi.it\/wp-content\/uploads\/2021\/11\/asap-gallery2-post4.jpg 1080w\" sizes=\"auto, (max-width: 1024px) 100vw, 1024px\" \/><\/figure>\n<\/div>\n<\/div>\n\n\n\n<div class=\"wp-block-cover alignwide has-green-background-color has-background-dim is-style-twentytwentyone-border\"><img loading=\"lazy\" decoding=\"async\" width=\"2560\" height=\"2560\" class=\"wp-block-cover__image-background wp-image-43\" alt=\"\" src=\"https:\/\/www.acquasostenibile.polimi.it\/wp-content\/uploads\/2021\/03\/ASAP-banner-sfondo-3000x3000-v2-scaled.jpg\" data-object-fit=\"cover\" srcset=\"https:\/\/www.acquasostenibile.polimi.it\/wp-content\/uploads\/2021\/03\/ASAP-banner-sfondo-3000x3000-v2-scaled.jpg 2560w, https:\/\/www.acquasostenibile.polimi.it\/wp-content\/uploads\/2021\/03\/ASAP-banner-sfondo-3000x3000-v2-300x300.jpg 300w, https:\/\/www.acquasostenibile.polimi.it\/wp-content\/uploads\/2021\/03\/ASAP-banner-sfondo-3000x3000-v2-1024x1024.jpg 1024w, https:\/\/www.acquasostenibile.polimi.it\/wp-content\/uploads\/2021\/03\/ASAP-banner-sfondo-3000x3000-v2-150x150.jpg 150w, https:\/\/www.acquasostenibile.polimi.it\/wp-content\/uploads\/2021\/03\/ASAP-banner-sfondo-3000x3000-v2-768x768.jpg 768w, https:\/\/www.acquasostenibile.polimi.it\/wp-content\/uploads\/2021\/03\/ASAP-banner-sfondo-3000x3000-v2-1536x1536.jpg 1536w, https:\/\/www.acquasostenibile.polimi.it\/wp-content\/uploads\/2021\/03\/ASAP-banner-sfondo-3000x3000-v2-2048x2048.jpg 2048w, https:\/\/www.acquasostenibile.polimi.it\/wp-content\/uploads\/2021\/03\/ASAP-banner-sfondo-3000x3000-v2-1568x1568.jpg 1568w\" sizes=\"auto, (max-width: 2560px) 100vw, 2560px\" \/><div class=\"wp-block-cover__inner-container is-layout-flow wp-block-cover-is-layout-flow\">\n<div style=\"height:20px\" aria-hidden=\"true\" class=\"wp-block-spacer\"><\/div>\n\n\n\n<div style=\"height:20px\" aria-hidden=\"true\" class=\"wp-block-spacer\"><\/div>\n<\/div><\/div>\n","protected":false},"excerpt":{"rendered":"<p>Che cosa sai davvero sull&#8217;acqua? ASAP! \u00e8 il nuovo progetto di Politecnico di Milano* e di Eliante che risponder\u00e0 a tutte le tue domande e ti far\u00e0 scoprire l&#8217;acqua! *DICA, DAStU, SSA, con il contributo di Fondazione Cariplo What&#8217;s new?! I Workshop del Passion in Action ASAP! sono nel pieno dei lavori. Docenti e studenti&hellip; <a class=\"more-link\" href=\"https:\/\/www.acquasostenibile.polimi.it\/\">Continue reading <span class=\"screen-reader-text\">ASAP! Acqua Sostenibile al Politecnico<\/span><\/a><\/p>\n","protected":false},"author":2,"featured_media":0,"parent":0,"menu_order":0,"comment_status":"closed","ping_status":"closed","template":"","meta":{"footnotes":""},"class_list":["post-6","page","type-page","status-publish","hentry","entry"],"_links":{"self":[{"href":"https:\/\/www.acquasostenibile.polimi.it\/index.php?rest_route=\/wp\/v2\/pages\/6","targetHints":{"allow":["GET"]}}],"collection":[{"href":"https:\/\/www.acquasostenibile.polimi.it\/index.php?rest_route=\/wp\/v2\/pages"}],"about":[{"href":"https:\/\/www.acquasostenibile.polimi.it\/index.php?rest_route=\/wp\/v2\/types\/page"}],"author":[{"embeddable":true,"href":"https:\/\/www.acquasostenibile.polimi.it\/index.php?rest_route=\/wp\/v2\/users\/2"}],"replies":[{"embeddable":true,"href":"https:\/\/www.acquasostenibile.polimi.it\/index.php?rest_route=%2Fwp%2Fv2%2Fcomments&post=6"}],"version-history":[{"count":21,"href":"https:\/\/www.acquasostenibile.polimi.it\/index.php?rest_route=\/wp\/v2\/pages\/6\/revisions"}],"predecessor-version":[{"id":133,"href":"https:\/\/www.acquasostenibile.polimi.it\/index.php?rest_route=\/wp\/v2\/pages\/6\/revisions\/133"}],"wp:attachment":[{"href":"https:\/\/www.acquasostenibile.polimi.it\/index.php?rest_route=%2Fwp%2Fv2%2Fmedia&parent=6"}],"curies":[{"name":"wp","href":"https:\/\/api.w.org\/{rel}","templated":true}]}}